
{"id":3068,"date":"2023-10-05T09:22:20","date_gmt":"2023-10-05T13:22:20","guid":{"rendered":"https:\/\/wpcrm1.givelife365.com\/?page_id=3068"},"modified":"2025-07-16T05:55:29","modified_gmt":"2025-07-16T09:55:29","slug":"donor-directory","status":"publish","type":"page","link":"https:\/\/demo.givelife365.com\/fr\/donor-directory\/","title":{"rendered":"donor-directory"},"content":{"rendered":"\n<div class=\"wp-block-icds-gutenberg-monaco-block\"> <link rel=\"stylesheet\" type=\"text\/css\" href=\"https:\/\/cdn.datatables.net\/1.13.6\/css\/dataTables.bootstrap4.min.css\">\n <section class=\"page-heading\">\n    <div class=\"container\">\n      <h1>Annuaire des donateurs individuels<\/h1>\n    <\/div>\n  <\/section> \n  <section class=\"content-inner\">\n    <div class=\"container\">\n      <div class=\"row\">\n        <div class=\"col-md-12 mb-3\">\n          <h4>Bienvenue aux donateurs\u00a0! Ici, vous d\u00e9couvrez  les activit\u00e9s de vos coll\u00e8gues donateurs\u2026<\/h4>\n        <\/div>\n        <div class=\"col-xl-3 col-lg-3 col-md-12 col-sm-12 col-12 \">\n          <div class=\"filter-card card-content\">\n            <h3>Crit\u00e8res de filtrage<\/h3>\n            <div class=\"form-group\">\n              <label>Pr\u00e9nom<\/label>\n              <input type=\"text\" id=\"firstname\" class=\"form-control\">\n            <\/div>\n            <div class=\"form-group\">\n              <label>Nom de famille<\/label>\n              <input type=\"text\" id=\"lastname\" class=\"form-control\">\n            <\/div>\n            <div class=\"form-group\">\n              <label>E-mail<\/label>\n              <input type=\"text\" id=\"email\" class=\"form-control\">\n            <\/div>\n            <div class=\"form-group\">\n              <label>T\u00e9l\u00e9phone mobile<\/label>\n              <input type=\"text\" id=\"mobile_phone\" class=\"form-control\">\n            <\/div>\n            <div class=\"form-group\">\n              <label>Total des dons<\/label>\n              <input type=\"text\" id=\"mobile_phone\" class=\"form-control\">\n            <\/div>\n            <div class=\"search-btn\">\n              <a href=\"#\" class=\"register-btn\">Recherche<\/a>\n            <\/div>\n          <\/div>\n        <\/div>\n        <div class=\"col-xl-9 col-lg-9 col-md-12 col-sm-12 col-12 \">\n          <div class=\"right-wrapper\">\n            <div class=\"table-responsive  \">\n              <table id=\"donordirectory\" class=\"table table-bordered alumnTable  \">\n                <thead>\n                  <tr>\n                    <th scope=\"col\">Pr\u00e9nom<\/th>\n                    <th scope=\"col\">Nom de famille <\/th>\n                    <th scope=\"col\">E-mail <\/th>\n                    <th scope=\"col\">T\u00e9l\u00e9phone mobile<\/th>\n                    <th scope=\"col\">Total Donation Amount<\/th>\n                  <\/tr>\n                <\/thead>\n                <tbody>\n                  <tr>\n                    <td>jacob <\/td>\n                    <td>McKay <\/td>\n                    <td><a href=\"mailto:jacobMcKay@mm.com\">jacobMcKay@mm.com <\/a> <\/td>\n                    <td>8946549898<\/td>\n                    <td>$332.00<\/td>\n                  <\/tr>\n                  <tr>\n                    <td>jacob <\/td>\n                    <td>McKay <\/td>\n                    <td><a href=\"mailto:jacobMcKay@mm.com\">jacobMcKay@mm.com <\/a> <\/td>\n                    <td>8946549898<\/td>\n                    <td>$332.00<\/td>\n                  <\/tr>\n                  <tr>\n                    <td>jacob <\/td>\n                    <td>McKay <\/td>\n                    <td><a href=\"mailto:jacobMcKay@mm.com\">jacobMcKay@mm.com <\/a> <\/td>\n                    <td>8946549898<\/td>\n                    <td>$332.00<\/td>\n                  <\/tr>\n                  <tr>\n                    <td>jacob <\/td>\n                    <td>McKay <\/td>\n                    <td><a href=\"mailto:jacobMcKay@mm.com\">jacobMcKay@mm.com <\/a> <\/td>\n                    <td>8946549898<\/td>\n                    <td>$332.00<\/td>\n                  <\/tr>\n                  <tr>\n                    <td>jacob <\/td>\n                    <td>McKay <\/td>\n                    <td><a href=\"mailto:jacobMcKay@mm.com\">jacobMcKay@mm.com <\/a> <\/td>\n                    <td>8946549898<\/td>\n                    <td>$332.00<\/td>\n                  <\/tr>\n                  <tr>\n                    <td>jacob <\/td>\n                    <td>McKay <\/td>\n                    <td><a href=\"mailto:jacobMcKay@mm.com\">jacobMcKay@mm.com <\/a> <\/td>\n                    <td>8946549898<\/td>\n                    <td>$332.00<\/td>\n                  <\/tr>\n                  <tr>\n                    <td>jacob <\/td>\n                    <td>McKay <\/td>\n                    <td><a href=\"mailto:jacobMcKay@mm.com\">jacobMcKay@mm.com <\/a> <\/td>\n                    <td>8946549898<\/td>\n                    <td>$332.00<\/td>\n                  <\/tr>\n                  <tr>\n                    <td>jacob <\/td>\n                    <td>McKay <\/td>\n                    <td><a href=\"mailto:jacobMcKay@mm.com\">jacobMcKay@mm.com <\/a> <\/td>\n                    <td>8946549898<\/td>\n                    <td>$332.00<\/td>\n                  <\/tr>\n                  <tr>\n                    <td>jacob <\/td>\n                    <td>McKay <\/td>\n                    <td><a href=\"mailto:jacobMcKay@mm.com\">jacobMcKay@mm.com <\/a> <\/td>\n                    <td>8946549898<\/td>\n                    <td>$332.00<\/td>\n                  <\/tr>\n                  <tr>\n                    <td>jacob <\/td>\n                    <td>McKay <\/td>\n                    <td><a href=\"mailto:jacobMcKay@mm.com\">jacobMcKay@mm.com <\/a> <\/td>\n                    <td>8946549898<\/td>\n                    <td>$332.00<\/td>\n                  <\/tr>\n                  <tr>\n                    <td>jacob <\/td>\n                    <td>McKay <\/td>\n                    <td><a href=\"mailto:jacobMcKay@mm.com\">jacobMcKay@mm.com <\/a> <\/td>\n                    <td>8946549898<\/td>\n                    <td>$332.00<\/td>\n                  <\/tr>\n                  <tr>\n                    <td>jacob <\/td>\n                    <td>McKay <\/td>\n                    <td><a href=\"mailto:jacobMcKay@mm.com\">jacobMcKay@mm.com <\/a> <\/td>\n                    <td>8946549898<\/td>\n                    <td>$332.00<\/td>\n                  <\/tr>\n                  <tr>\n                    <td>jacob <\/td>\n                    <td>McKay <\/td>\n                    <td><a href=\"mailto:jacobMcKay@mm.com\">jacobMcKay@mm.com <\/a> <\/td>\n                    <td>8946549898<\/td>\n                    <td>$332.00<\/td>\n                  <\/tr>\n                  <tr>\n                    <td>jacob <\/td>\n                    <td>McKay <\/td>\n                    <td><a href=\"mailto:jacobMcKay@mm.com\">jacobMcKay@mm.com <\/a> <\/td>\n                    <td>8946549898<\/td>\n                    <td>$332.00<\/td>\n                  <\/tr>\n                  <tr>\n                    <td>jacob <\/td>\n                    <td>McKay <\/td>\n                    <td><a href=\"mailto:jacobMcKay@mm.com\">jacobMcKay@mm.com <\/a> <\/td>\n                    <td>8946549898<\/td>\n                    <td>$332.00<\/td>\n                  <\/tr>\n                  <tr>\n                    <td>jacob <\/td>\n                    <td>McKay <\/td>\n                    <td><a href=\"mailto:jacobMcKay@mm.com\">jacobMcKay@mm.com <\/a> <\/td>\n                    <td>8946549898<\/td>\n                    <td>$332.00<\/td>\n                  <\/tr>\n                  <tr>\n                    <td>jacob <\/td>\n                    <td>McKay <\/td>\n                    <td><a href=\"mailto:jacobMcKay@mm.com\">jacobMcKay@mm.com <\/a> <\/td>\n                    <td>8946549898<\/td>\n                    <td>$332.00<\/td>\n                  <\/tr>\n                  <tr>\n                    <td>jacob <\/td>\n                    <td>McKay <\/td>\n                    <td><a href=\"mailto:jacobMcKay@mm.com\">jacobMcKay@mm.com <\/a> <\/td>\n                    <td>8946549898<\/td>\n                    <td>$332.00<\/td>\n                  <\/tr>\n                  <tr>\n                    <td>jacob <\/td>\n                    <td>McKay <\/td>\n                    <td><a href=\"mailto:jacobMcKay@mm.com\">jacobMcKay@mm.com <\/a> <\/td>\n                    <td>8946549898<\/td>\n                    <td>$332.00<\/td>\n                  <\/tr> \n                <\/tbody>\n              <\/table>\n            <\/div> \n          <\/div>\n        <\/div>\n      <\/div> \n    <\/div>\n  <\/section> \n    <script src=\"https:\/\/cdn.datatables.net\/1.13.6\/js\/jquery.dataTables.min.js\"> <\/script>\n  <script src=\"https:\/\/cdn.datatables.net\/1.13.6\/js\/dataTables.bootstrap4.min.js\"> <\/script>\n  <script>\n    $(document).ready(function () {\n      $('#donordirectory').DataTable({\n         language: {\n            \/\/ url: \"\/\/cdn.datatables.net\/plug-ins\/2.3.2\/i18n\/fr-FR.json\"\n            url: \"\/\/cdn.datatables.net\/plug-ins\/1.13.6\/i18n\/fr-FR.json\"\n        }\n      });\n    });\n  <\/script><\/div>\n","protected":false},"excerpt":{"rendered":"","protected":false},"author":1,"featured_media":0,"parent":0,"menu_order":0,"comment_status":"closed","ping_status":"closed","template":"","meta":{"footnotes":""},"class_list":["post-3068","page","type-page","status-publish","hentry"],"_links":{"self":[{"href":"https:\/\/demo.givelife365.com\/fr\/wp-json\/wp\/v2\/pages\/3068","targetHints":{"allow":["GET"]}}],"collection":[{"href":"https:\/\/demo.givelife365.com\/fr\/wp-json\/wp\/v2\/pages"}],"about":[{"href":"https:\/\/demo.givelife365.com\/fr\/wp-json\/wp\/v2\/types\/page"}],"author":[{"embeddable":true,"href":"https:\/\/demo.givelife365.com\/fr\/wp-json\/wp\/v2\/users\/1"}],"replies":[{"embeddable":true,"href":"https:\/\/demo.givelife365.com\/fr\/wp-json\/wp\/v2\/comments?post=3068"}],"version-history":[{"count":2,"href":"https:\/\/demo.givelife365.com\/fr\/wp-json\/wp\/v2\/pages\/3068\/revisions"}],"predecessor-version":[{"id":3536,"href":"https:\/\/demo.givelife365.com\/fr\/wp-json\/wp\/v2\/pages\/3068\/revisions\/3536"}],"wp:attachment":[{"href":"https:\/\/demo.givelife365.com\/fr\/wp-json\/wp\/v2\/media?parent=3068"}],"curies":[{"name":"wp","href":"https:\/\/api.w.org\/{rel}","templated":true}]}}