
{"id":3054,"date":"2023-10-05T08:23:47","date_gmt":"2023-10-05T12:23:47","guid":{"rendered":"https:\/\/wpcrm1.givelife365.com\/?page_id=3054"},"modified":"2025-10-24T08:06:52","modified_gmt":"2025-10-24T12:06:52","slug":"annual-general-meeting","status":"publish","type":"page","link":"https:\/\/demo.givelife365.com\/fr\/annual-general-meeting\/","title":{"rendered":"Annual General Meeting"},"content":{"rendered":"\n<div class=\"wp-block-icds-gutenberg-monaco-block\"> <section class=\"page-heading\">\n        <div class=\"container\">\n            <h1>Assembl\u00e9e g\u00e9n\u00e9rale annuelle<\/h1>\n        <\/div>\n    <\/section> \n    <section class=\"content\">\n        <div class=\"container\">\n            <div class=\"row\">\n                <div class=\"col-lg-4 col-md-6 col-sm-6 col-12 \">\n                    <div class=\"programs-txt\">\n                        <img decoding=\"async\" src=\"\/wp-content\/uploads\/2023\/10\/programs1.png\">\n                        <h4>Assembl\u00e9e g\u00e9n\u00e9rale annuelle<\/h4>\n                        <h6> <i class=\"fa fa-clock-o\" aria-hidden=\"true\"><\/i>\n                            June 27, 2022 01:00PM &#8211; 2:30PM  <\/h6> \n                        <div class=\"programs-scroll1\">\n                            <p>L&rsquo;assembl\u00e9e g\u00e9n\u00e9rale annuelle fait le point sur les progr\u00e8s r\u00e9alis\u00e9s en mati\u00e8re de promotion d&rsquo;un b\u00e9n\u00e9volat significatif au cours de l&rsquo;ann\u00e9e \u00e9coul\u00e9e et se penche sur l&rsquo;ann\u00e9e \u00e0 venir. Les membres votent sur les affaires officielles de l&rsquo;organisation. Compte tenu de la situation d&rsquo;urgence li\u00e9e \u00e0 la COVID-19, cette assembl\u00e9e se tiendra par t\u00e9l\u00e9conf\u00e9rence. Les d\u00e9tails seront fournis ici.\n                            <\/p>\n                        <\/div> \n                    <\/div>\n                <\/div>\n            <\/div>\n        <\/div>\n    <\/section><\/div>\n","protected":false},"excerpt":{"rendered":"","protected":false},"author":1,"featured_media":0,"parent":0,"menu_order":0,"comment_status":"closed","ping_status":"closed","template":"","meta":{"footnotes":""},"class_list":["post-3054","page","type-page","status-publish","hentry"],"_links":{"self":[{"href":"https:\/\/demo.givelife365.com\/fr\/wp-json\/wp\/v2\/pages\/3054","targetHints":{"allow":["GET"]}}],"collection":[{"href":"https:\/\/demo.givelife365.com\/fr\/wp-json\/wp\/v2\/pages"}],"about":[{"href":"https:\/\/demo.givelife365.com\/fr\/wp-json\/wp\/v2\/types\/page"}],"author":[{"embeddable":true,"href":"https:\/\/demo.givelife365.com\/fr\/wp-json\/wp\/v2\/users\/1"}],"replies":[{"embeddable":true,"href":"https:\/\/demo.givelife365.com\/fr\/wp-json\/wp\/v2\/comments?post=3054"}],"version-history":[{"count":3,"href":"https:\/\/demo.givelife365.com\/fr\/wp-json\/wp\/v2\/pages\/3054\/revisions"}],"predecessor-version":[{"id":3582,"href":"https:\/\/demo.givelife365.com\/fr\/wp-json\/wp\/v2\/pages\/3054\/revisions\/3582"}],"wp:attachment":[{"href":"https:\/\/demo.givelife365.com\/fr\/wp-json\/wp\/v2\/media?parent=3054"}],"curies":[{"name":"wp","href":"https:\/\/api.w.org\/{rel}","templated":true}]}}