
{"id":3032,"date":"2023-10-05T08:00:17","date_gmt":"2023-10-05T12:00:17","guid":{"rendered":"https:\/\/wpcrm1.givelife365.com\/?page_id=3032"},"modified":"2025-10-24T08:02:38","modified_gmt":"2025-10-24T12:02:38","slug":"learning-centre","status":"publish","type":"page","link":"https:\/\/demo.givelife365.com\/fr\/learning-centre\/","title":{"rendered":"learning-center"},"content":{"rendered":"\n<div class=\"wp-block-icds-gutenberg-monaco-block\"> <section class=\"page-heading\">\n        <div class=\"container\">\n            <h1>Centre d&rsquo;apprentissage<\/h1>\n        <\/div>\n <\/section> \n    <section class=\"content\">\n        <div class=\"container\"> \n            <div class=\"row\">\n                <div class=\"col-xl-6 col-lg-6 col-md-6 col-sm-6 col-12 \">\n                    <div class=\"work-content\">\n                        <img decoding=\"async\" src=\"\/wp-content\/uploads\/2023\/10\/work-img4.png\">\n                        <div class=\"work-txt\">\n                            <h4>Ateliers<\/h4>\n                            <p>L\u2019apprentissage en pr\u00e9sentiel offre l\u2019opportunit\u00e9 d\u2019\u00e9changer des id\u00e9es, de cr\u00e9er des liens et de poser directement ses questions \u00e0 l\u2019animateur. Nos ateliers enregistrent d\u2019ailleurs un taux de satisfaction \u00e9lev\u00e9 de la part des participants.<\/p>\n                        <\/div>\n                    <\/div>\n                <\/div> \n                <div class=\"col-xl-6 col-lg-6 col-md-6 col-sm-6 col-12 \">\n                    <div class=\"work-content\">\n                        <img decoding=\"async\" src=\"\/wp-content\/uploads\/2023\/10\/work-img3.png\">\n                        <div class=\"work-txt\">\n                            <h4>e-Learning<\/h4>\n                            <p>Si vous pr\u00e9f\u00e9rez apprendre de chez vous ou au bureau, \u00e0 votre rythme, nos modules e-learning sont faits pour vous ! Inscrivez-vous \u00e0 l\u2019un de nos captivants cours en ligne.\n                            <\/p>\n                        <\/div>\n                    <\/div>\n                <\/div> \n                <div class=\"col-xl-6 col-lg-6 col-md-6 col-sm-6 col-12 \">\n                    <div class=\"work-content\">\n                        <img decoding=\"async\" src=\"\/wp-content\/uploads\/2023\/10\/work-img2.png\">\n                        <div class=\"work-txt\">\n                            <h4>Notre R\u00e9seau<\/h4>\n                            <p>Si vous coordonnez des b\u00e9n\u00e9voles au sein d\u2019une organisation \u00e0 but non lucratif, rejoignez le r\u00e9seau Volunteer Leaders in Peel pour apprendre aux c\u00f4t\u00e9s d\u2019autres professionnels du secteur.<\/p>\n                        <\/div>\n                    <\/div>\n                <\/div> \n                <div class=\"col-xl-6 col-lg-6 col-md-6 col-sm-6 col-12 \">\n                    <div class=\"work-content\">\n                        <img decoding=\"async\" src=\"\/wp-content\/uploads\/2023\/10\/work-img1.png\">\n                        <div class=\"work-txt\">\n                            <h4>Ressources<\/h4>\n                            <p>Acc\u00e9dez \u00e0 des centaines de ressources et publications de r\u00e9f\u00e9rence sur le leadership et le b\u00e9n\u00e9volat via notre plateforme d\u2019apprentissage en ligne, Vetch.<\/p>\n                        <\/div>\n                    <\/div>\n                <\/div> \n            <\/div> \n        <\/div>\n    <\/section><\/div>\n","protected":false},"excerpt":{"rendered":"","protected":false},"author":1,"featured_media":0,"parent":0,"menu_order":0,"comment_status":"closed","ping_status":"closed","template":"","meta":{"footnotes":""},"class_list":["post-3032","page","type-page","status-publish","hentry"],"_links":{"self":[{"href":"https:\/\/demo.givelife365.com\/fr\/wp-json\/wp\/v2\/pages\/3032","targetHints":{"allow":["GET"]}}],"collection":[{"href":"https:\/\/demo.givelife365.com\/fr\/wp-json\/wp\/v2\/pages"}],"about":[{"href":"https:\/\/demo.givelife365.com\/fr\/wp-json\/wp\/v2\/types\/page"}],"author":[{"embeddable":true,"href":"https:\/\/demo.givelife365.com\/fr\/wp-json\/wp\/v2\/users\/1"}],"replies":[{"embeddable":true,"href":"https:\/\/demo.givelife365.com\/fr\/wp-json\/wp\/v2\/comments?post=3032"}],"version-history":[{"count":3,"href":"https:\/\/demo.givelife365.com\/fr\/wp-json\/wp\/v2\/pages\/3032\/revisions"}],"predecessor-version":[{"id":3581,"href":"https:\/\/demo.givelife365.com\/fr\/wp-json\/wp\/v2\/pages\/3032\/revisions\/3581"}],"wp:attachment":[{"href":"https:\/\/demo.givelife365.com\/fr\/wp-json\/wp\/v2\/media?parent=3032"}],"curies":[{"name":"wp","href":"https:\/\/api.w.org\/{rel}","templated":true}]}}