
{"id":3011,"date":"2023-10-05T07:00:08","date_gmt":"2023-10-05T11:00:08","guid":{"rendered":"https:\/\/wpcrm1.givelife365.com\/?page_id=3011"},"modified":"2025-10-24T07:38:12","modified_gmt":"2025-10-24T11:38:12","slug":"our-work","status":"publish","type":"page","link":"https:\/\/demo.givelife365.com\/fr\/our-work\/","title":{"rendered":"our-work"},"content":{"rendered":"\n<div class=\"wp-block-icds-gutenberg-monaco-block\"> <section class=\"page-heading\">\n        <div class=\"container\">\n            <h1>Notre travail<\/h1>\n        <\/div>\n    <\/section>\n <section class=\"content\">\n        <div class=\"container\">\n            <div class=\"row\">\n                <div class=\"col-xl-6 col-lg-6 col-md-6 col-sm-6 col-12 \">\n                    <div class=\"work-content\">\n                        <img decoding=\"async\" src=\"\/wp-content\/uploads\/2023\/10\/work-img4.png\">\n                        <div class=\"work-txt\">\n                            <h4>Sensibilisation<\/h4>\n                            <p>Qu&rsquo;il s&rsquo;agisse de remplir vos obligations scolaires en mati\u00e8re de b\u00e9n\u00e9volat ou de mieux comprendre l&rsquo;engagement communautaire, les raisons de faire du b\u00e9n\u00e9volat sont nombreuses. Nous vous aiderons \u00e0 trouver le moyen de vous lancer dans le b\u00e9n\u00e9volat et \u00e0 en comprendre l&rsquo;importance.<\/p>\n                        <\/div>\n                    <\/div>\n                <\/div>\n                <div class=\"col-xl-6 col-lg-6 col-md-6 col-sm-6 col-12 \">\n                    <div class=\"work-content\">\n                        <img decoding=\"async\" src=\"\/wp-content\/uploads\/2023\/10\/work-img3.png\">\n                        <div class=\"work-txt\">\n                            <h4>Sevices de r\u00e9f\u00e9rencement<\/h4>\n                            <p>La sensibilisation alimente nos solides services de r\u00e9f\u00e9rencement, o\u00f9 nous orientons des milliers de b\u00e9n\u00e9voles vers des organisations de service communautaire. Ce service combine des consultations personnalis\u00e9es en t\u00eate-\u00e0-t\u00eate avec une base de donn\u00e9es en ligne pour trouver une personne r\u00e9ellement compatible.<\/p>\n                        <\/div>\n                    <\/div>\n                <\/div>\n                <div class=\"col-xl-6 col-lg-6 col-md-6 col-sm-6 col-12 \">\n                    <div class=\"work-content\">\n                        <img decoding=\"async\" src=\"\/wp-content\/uploads\/2023\/10\/work-img2.png\">\n                        <div class=\"work-txt\">\n                            <h4>Programmes communautaires<\/h4>\n                            <p>Nous \u00e9laborons des programmes pour impliquer des publics sp\u00e9cifiques dans un b\u00e9n\u00e9volat significatif en identifiant les obstacles, en am\u00e9liorant l&rsquo;acc\u00e8s, en sensibilisant la communaut\u00e9, en d\u00e9veloppant des formations et en r\u00e9compensant l&rsquo;excellence. Les jeunes, les a\u00een\u00e9s et les nouveaux arrivants constituent nos principaux publics et sont tous les bienvenus.<\/p>\n                        <\/div>\n                    <\/div>\n                <\/div>\n                <div class=\"col-xl-6 col-lg-6 col-md-6 col-sm-6 col-12 \">\n                    <div class=\"work-content\">\n                        <img decoding=\"async\" src=\"\/wp-content\/uploads\/2023\/10\/work-img1.png\">\n                        <div class=\"work-txt\">\n                            <h4>Centre d&rsquo;apprentissage<\/h4>\n                            <p>Nos formations, propos\u00e9es \u00e0 travers notre syst\u00e8me de gestion de l\u2019apprentissage en ligne et nos ateliers en pr\u00e9sentiel, offrent aux conseils d\u2019administration, aux responsables de b\u00e9n\u00e9voles et aux b\u00e9n\u00e9voles les moyens d\u2019enrichir leur exp\u00e9rience, de s\u2019impliquer davantage et d\u2019optimiser l\u2019utilisation des ressources dans le secteur.<\/p>\n                        <\/div>\n                    <\/div>\n                <\/div>\n            <\/div>\n        <\/div>\n    <\/section>    \n\n<\/div>\n","protected":false},"excerpt":{"rendered":"","protected":false},"author":1,"featured_media":0,"parent":0,"menu_order":0,"comment_status":"closed","ping_status":"closed","template":"","meta":{"footnotes":""},"class_list":["post-3011","page","type-page","status-publish","hentry"],"_links":{"self":[{"href":"https:\/\/demo.givelife365.com\/fr\/wp-json\/wp\/v2\/pages\/3011","targetHints":{"allow":["GET"]}}],"collection":[{"href":"https:\/\/demo.givelife365.com\/fr\/wp-json\/wp\/v2\/pages"}],"about":[{"href":"https:\/\/demo.givelife365.com\/fr\/wp-json\/wp\/v2\/types\/page"}],"author":[{"embeddable":true,"href":"https:\/\/demo.givelife365.com\/fr\/wp-json\/wp\/v2\/users\/1"}],"replies":[{"embeddable":true,"href":"https:\/\/demo.givelife365.com\/fr\/wp-json\/wp\/v2\/comments?post=3011"}],"version-history":[{"count":4,"href":"https:\/\/demo.givelife365.com\/fr\/wp-json\/wp\/v2\/pages\/3011\/revisions"}],"predecessor-version":[{"id":3579,"href":"https:\/\/demo.givelife365.com\/fr\/wp-json\/wp\/v2\/pages\/3011\/revisions\/3579"}],"wp:attachment":[{"href":"https:\/\/demo.givelife365.com\/fr\/wp-json\/wp\/v2\/media?parent=3011"}],"curies":[{"name":"wp","href":"https:\/\/api.w.org\/{rel}","templated":true}]}}