
{"id":3000,"date":"2023-10-04T11:13:01","date_gmt":"2023-10-04T15:13:01","guid":{"rendered":"https:\/\/wpcrm1.givelife365.com\/?page_id=3000"},"modified":"2025-10-27T07:23:15","modified_gmt":"2025-10-27T11:23:15","slug":"home2","status":"publish","type":"page","link":"https:\/\/demo.givelife365.com\/fr\/","title":{"rendered":"Home2"},"content":{"rendered":"\n<div class=\"wp-block-icds-gutenberg-monaco-block\"> <style>\n  .hide{display:none;}\n  <\/style>\n\n\n<section id=\"hero\" class=\"d-flex align-items-center\">\n   <div class=\"container\">\n   \n      <h1 class=\"wow fadeInUp\" data-wow-delay=\"0.2s\">G\u00c9REZ TOUTE VOTRE ORGANISATION EN UN SEUL LIEU<\/h1>\n      <h2 class=\"wow fadeInUp\" data-wow-delay=\"0.6s\">tout au m\u00eame endroit<\/h2>\n      <h5 class=\"wow fadeInUp\" data-wow-delay=\"1s\">Trouvez le b\u00e9n\u00e9volat qui correspond \u00e0 votre v\u00e9ritable vocation. Connectez-vous avec des b\u00e9n\u00e9voles qui donnent de la valeur votre organisation.<\/span><\/h5>\n   <\/div>\n<\/section>\n<section>\n   <div class=\"container\">\n      <div class=\"row\">\n         <div class=\"col-xl-7 col-lg-7 col-md-7 col-sm-12 col-12 \">\n            <div class=\"whoweare \">\n               <h4 class=\" wow fadeInUp\" data-wow-delay=\"0.2s\">Qui sommes-nous?<\/h4>\n               <p class=\" wow fadeInUp\" data-wow-delay=\"0.2s\">GiveLife est une solution cloud destin\u00e9e aux organisations \u00e0 but non lucratif. Elle leur fournit des outils pour optimiser leur efficacit\u00e9 op\u00e9rationnelle et leur impact. GiveLife s&rsquo;appuie sur la plateforme Microsoft Dynamics 365 et propose une interface moderne et intuitive pour g\u00e9rer vos relations avec les donateurs, vos collectes de fonds, vos b\u00e9n\u00e9voles, vos adh\u00e9sions et vos campagnes. Des rapports precis et des analyses performantes, regroup\u00e9s en un seul endroit, font de GiveLife la plateforme incontournable pour transformer vos op\u00e9rations.<\/p>\n               <p class=\"wow fadeInUp\" data-wow-delay=\"0.4s\">Le syst\u00e8me de gestion des donateurs de GiveLife facilite la cr\u00e9ation de profils de donateurs, la gestion des relations avec eux et une large gamme d&rsquo;activit\u00e9s de collecte de fonds. Le module de gestion des b\u00e9n\u00e9voles de GiveLife vous permet de cr\u00e9er des inscriptions et des opportunit\u00e9s de b\u00e9n\u00e9volat. Les personnes int\u00e9ress\u00e9es peuvent s&rsquo;inscrire comme b\u00e9n\u00e9voles via le site web.<\/p>\n               <div class=\"search-btn wow fadeInUp\" data-wow-delay=\"0.6s\"><a class=\"register-btn\" href=\"https:\/\/givelife365.com\/\">Explorez davantage<\/a><\/div>\n            <\/div>\n         <\/div>\n         <div class=\"col-xl-5 col-lg-5 col-md-5 col-sm-12 col-12 wow fadeInUp \" data-wow-delay=\"0.2s\">\n            <div class=\"whoweare-img \"><img decoding=\"async\" src=\"https:\/\/wpcrm1.givelife365.com\/wp-content\/uploads\/2023\/08\/WhoWeAre.png\"><\/div>\n         <\/div>\n      <\/div>\n   <\/div>\n<\/section>\n<section class=\"productContent homefeatures\">\n   <div class=\"container\">\n      <ul class=\"productSlider homefeatures1 \">\n         <li>\n            <div class=\"productTxt wow fadeInUp\" data-wow-delay=\"0.2s\">\n               <img decoding=\"async\" src=\"\/wp-content\/uploads\/2023\/06\/Donation.svg\" alt=\"\">               \n               <h5>Dons<\/h5>\n               <p>G\u00e9rez les relations avec les donateurs, optimisez les pages de dons pour un meilleur engagement et pilotez une large panoplie d&rsquo;activit\u00e9s de d\u00e9veloppement des fonds.<\/p>\n               <p class=\"mt-2\"><a href=\"\/\/intdmdonationpageone\"> <strong>En savoir plus<\/strong> <\/a><\/p>\n            <\/div>\n         <\/li>\n         <li>\n            <div class=\"productTxt wow fadeInUp\" data-wow-delay=\"0.4s\">\n               <img decoding=\"async\" src=\"\/wp-content\/uploads\/2023\/06\/Volunteer.svg\" alt=\"\">               \n               <h5>B\u00e9n\u00e9vole<\/h5>\n               <p>G\u00e9rez le recrutement des b\u00e9n\u00e9voles et l&rsquo;ad\u00e9quation des comp\u00e9tences, cr\u00e9er de nouvelles opportunit\u00e9s de b\u00e9n\u00e9volat, enregistrer la planification et le suivi des b\u00e9n\u00e9voles.<\/p>\n               <p class=\"mt-2\"><a href=\"\/\/intvmwhyvolunteer\"> <strong>En savoir plus<\/strong> <\/a><\/p>\n            <\/div>\n         <\/li>\n         <li>\n            <div class=\"productTxt wow fadeInUp\" data-wow-delay=\".6s\">\n               <img decoding=\"async\" src=\"\/wp-content\/uploads\/2023\/06\/Membership.svg\" alt=\"\">               \n               <h5>Adh\u00e9sion<\/h5>\n               <p>Suivez et accroissez les adh\u00e9sions en constituant des bases de donn\u00e9es, en g\u00e9rant les paiements d\u2019abonnement, les renouvellements et les inscriptions aux \u00e9v\u00e9nements.<\/p>\n               <p class=\"mt-2\"><a href=\"\/\/membership-chooseplan-html\"> <strong>En savoir plus<\/strong> <\/a><\/p>\n            <\/div>\n         <\/li>\n         <li>\n            <div class=\"productTxt wow fadeInUp\" data-wow-delay=\".8s\">\n               <img decoding=\"async\" src=\"\/wp-content\/uploads\/2023\/06\/Grants.svg\" alt=\"\">               \n               <h5>Subventions<\/h5>\n               <p>Supervisez l\u2019ensemble du cycle de gestion des subventions gr\u00e2ce \u00e0 des flux de travail bas\u00e9s sur des t\u00e2ches, afin de suivre l\u2019\u00e9tat des candidatures, les \u00e9valuations, les approbations et les \u00e9tapes cl\u00e9s.<\/p>\n               <p class=\"mt-2\"><a href=\"\/\/intgmpublishedgrants\"> <strong>En savoir plus<\/strong> <\/a><\/p>\n            <\/div>\n         <\/li>\n         <li>\n            <div class=\"productTxt wow fadeInUp\" data-wow-delay=\".6s\">\n               <img decoding=\"async\" src=\"\/wp-content\/uploads\/2023\/06\/Sponsorship.svg\" alt=\"\">               \n               <h5>Parrainage<\/h5>\n               <p>Supervisez l\u2019ensemble du cycle de gestion des subventions gr\u00e2ce \u00e0 des flux de travail bas\u00e9s sur des t\u00e2ches, afin de suivre l\u2019\u00e9tat des candidatures, les \u00e9valuations, les approbations et les \u00e9tapes cl\u00e9s.<\/p>\n               <p class=\"mt-2\"><a href=\"\/\/intspactivesponsorship\"> <strong>En savoir plus<\/strong> <\/a><\/p>\n            <\/div>\n         <\/li>\n      <\/ul>\n   <\/div>\n<\/section>\n<section class=\"content\">\n   <div class=\"container\">\n      <div class=\"impact-content\">\n         <div class=\"row\">\n            <div class=\"col-xl-12 wow fadeInUp\" data-wow-delay=\".0s\">\n               <h3>Votre impact<\/h3>\n            <\/div>\n            <div class=\"col-xl-4 col-lg-4 col-md-6 col-sm-6 col-12 \">\n               <div class=\"programs-txt wow fadeInUp\" data-wow-delay=\".2s\">\n                  <img decoding=\"async\" src=\"https:\/\/wpcrm1.givelife365.com\/wp-content\/uploads\/2023\/08\/Impact-img1.png\">                  \n                  <h4>Soutien Covid 19<\/h4>\n\t\t\t\t  <p>Les soci\u00e9t\u00e9s d&rsquo;aide \u00e0 l&rsquo;enfance continuent de fonctionner et de fournir des services aux enfants, aux jeunes et aux familles.   \n\t\t\t\t<span class=\"more-text hide\">Elles sont encourag\u00e9es \u00e0 utiliser la technologie lorsque cela est possible et appropri\u00e9, tout en respectant les recommandations locales de sant\u00e9 publique. Pendant toute la dur\u00e9e de la pand\u00e9mie de COVID-19, les jeunes pris en charge qui atteignent 18 ans et les anciens jeunes pris en charge qui atteignent 21 ans ne seront pas exclus des soutiens et des services qu&rsquo;ils re\u00e7oivent actuellement par l&rsquo;interm\u00e9diaire des soci\u00e9t\u00e9s d&rsquo;aide \u00e0 l&rsquo;enfance.<\/span>\n\t\t\t\t <a data-show=\"more\" more-collapse=\"false\" href=\"\/\" class=\"showmore\">En savoir plus<\/a><\/p> \n                   <div class=\"programs-foot\"><a id=\"donate\" class=\"register-btn\" href=\"\/\/donate\">Faire un don<\/a><\/div>\n               <\/div>\n            <\/div>\n            <div class=\"col-xl-4 col-lg-4 col-md-6 col-sm-6 col-12 \">\n               <div class=\"programs-txt wow fadeInUp\" data-wow-delay=\".4s\">\n                  <img decoding=\"async\" src=\"https:\/\/wpcrm1.givelife365.com\/wp-content\/uploads\/2023\/08\/Impact-img2.png\">                  \n                  <h4>Soutien g\u00e9n\u00e9ral<\/h4>\n\t\t\t\t   <p>Un programme gratuit pour soutenir la sant\u00e9 mentale des personnes travaillant dans les \u00e9tablissements de soins de sant\u00e9 de l\u2019Ontario. Ce programme comprend   \n\t\t\t\t<span class=\"more-text hide\"> Des ateliers anim\u00e9s par des formateurs et des modules d&rsquo;autoformation offrent aux organisations, aux \u00e9quipes et aux employ\u00e9s les outils n\u00e9cessaires pour favoriser la sant\u00e9 mentale au travail. La formation sera destin\u00e9e aux professionnels de la sant\u00e9, aux dirigeants et au personnel de soutien.<\/span>\n\t\t\t\t <a data-show=\"more\" more-collapse=\"false\" href=\"\/\" class=\"showmore\">En savoir plus<\/a><\/p> \n                    <div class=\"programs-foot\"><a id=\"donate\" class=\"register-btn\" href=\"\/\/donate\">Faire un don<\/a><\/div>\n               <\/div>\n            <\/div>\n            <div class=\"col-xl-4 col-lg-4 col-md-6 col-sm-6 col-12 \">\n               <div class=\"programs-txt  wow fadeInUp\" data-wow-delay=\".6s\">\n                  <img decoding=\"async\" src=\"https:\/\/wpcrm1.givelife365.com\/wp-content\/uploads\/2023\/08\/Impact-img3.png\"> \n                  <h4>Soutien \u00e0 l&rsquo;\u00e9ducation<\/h4>\n\t\t\t\t    <p>L&rsquo;un des principaux moyens par lesquels les dons contribuent \u00e0 soutenir l&rsquo;\u00e9ducation est d&rsquo;apporter une aide financi\u00e8re aux \u00e9tudiants qui  \n\t\t\t\t<span class=\"more-text hide\">ne peuvent pas assumer l&rsquo;int\u00e9gralit\u00e9 de leurs frais de scolarit\u00e9. Il peut s&rsquo;agir de bourses d&rsquo;\u00e9tudes, de subventions et d&rsquo;autres formes d&rsquo;aide financi\u00e8re. Les dons peuvent \u00e9galement contribuer au financement d&rsquo;infrastructures et de ressources \u00e9ducatives, telles que des livres de biblioth\u00e8que ou du mat\u00e9riel de laboratoire. Dans certains cas, les donateurs peuvent \u00e9galement choisir de soutenir des initiatives ou des programmes \u00e9ducatifs sp\u00e9cifiques. Toutes ces formes de soutien sont essentielles pour garantir \u00e0 tous les \u00e9tudiants l&rsquo;acc\u00e8s \u00e0 une \u00e9ducation de qualit\u00e9.<\/span>\n\t\t\t\t <a data-show=\"more\" more-collapse=\"false\" href=\"\/\" class=\"showmore\">En savoir plus<\/a><\/p>\n                 <div class=\"programs-foot\"><a id=\"donate\" class=\"register-btn\" href=\"\/\/donate\">Faire un don<\/a><\/div>\n               <\/div>\n            <\/div>\n         <\/div>\n      <\/div>\n   <\/div>\n<\/section>\n \n  <script>\n  $('[data-show=\"more\"]').on('click', function(event) {\n event.preventDefault();\n    if ( $(this).attr('more-collapse') === 'false' ) {     \n     $(this).attr('more-collapse', 'true'); \n     $(this).prev('.more-text').removeClass('hide');\n     $(this).text('Lire moins ');\n    }  else {\n         $(this).text('En savoir plus');\n         $(this).attr('more-collapse', 'false'); \n         $(this).prev('.more-text').addClass('hide');\n    }  \n});    \n <\/script><\/div>\n","protected":false},"excerpt":{"rendered":"","protected":false},"author":1,"featured_media":0,"parent":0,"menu_order":0,"comment_status":"closed","ping_status":"closed","template":"","meta":{"footnotes":""},"class_list":["post-3000","page","type-page","status-publish","hentry"],"_links":{"self":[{"href":"https:\/\/demo.givelife365.com\/fr\/wp-json\/wp\/v2\/pages\/3000","targetHints":{"allow":["GET"]}}],"collection":[{"href":"https:\/\/demo.givelife365.com\/fr\/wp-json\/wp\/v2\/pages"}],"about":[{"href":"https:\/\/demo.givelife365.com\/fr\/wp-json\/wp\/v2\/types\/page"}],"author":[{"embeddable":true,"href":"https:\/\/demo.givelife365.com\/fr\/wp-json\/wp\/v2\/users\/1"}],"replies":[{"embeddable":true,"href":"https:\/\/demo.givelife365.com\/fr\/wp-json\/wp\/v2\/comments?post=3000"}],"version-history":[{"count":15,"href":"https:\/\/demo.givelife365.com\/fr\/wp-json\/wp\/v2\/pages\/3000\/revisions"}],"predecessor-version":[{"id":3586,"href":"https:\/\/demo.givelife365.com\/fr\/wp-json\/wp\/v2\/pages\/3000\/revisions\/3586"}],"wp:attachment":[{"href":"https:\/\/demo.givelife365.com\/fr\/wp-json\/wp\/v2\/media?parent=3000"}],"curies":[{"name":"wp","href":"https:\/\/api.w.org\/{rel}","templated":true}]}}