
{"id":2129,"date":"2023-08-21T14:44:51","date_gmt":"2023-08-21T18:44:51","guid":{"rendered":"https:\/\/wpcrm1.givelife365.com\/?page_id=2129"},"modified":"2025-10-28T03:46:26","modified_gmt":"2025-10-28T07:46:26","slug":"intvmwhyvolunteer","status":"publish","type":"page","link":"https:\/\/demo.givelife365.com\/fr\/intvmwhyvolunteer\/","title":{"rendered":"Why Volunteer"},"content":{"rendered":"\n<div class=\"wp-block-icds-gutenberg-monaco-block\">\n<section class=\"page-heading\">\n        <div class=\"container\">\n            <h1>Pourquoi devenir b\u00e9n\u00e9vole?<\/h1>\n        <\/div>\n    <\/section>\n<section class=\"content-inner\">\n        <div class=\"container\">\n            <div class=\"row\">\n               <div class=\"col-lg-7 col-md-7 col-sm-12 col-xs-12\">\n                    <h4>Pourquoi devenir b\u00e9n\u00e9vole?<\/h4>\n                    <p>\n                        Qu&rsquo;il s&rsquo;agisse de remplir vos obligations scolaires en mati\u00e8re de b\u00e9n\u00e9volat ou de mieux comprendre l&rsquo;engagement communautaire, les raisons de faire du b\u00e9n\u00e9volat sont nombreuses. Nous vous aiderons \u00e0 trouver le moyen de vous lancer dans le b\u00e9n\u00e9volat et \u00e0 en comprendre l&rsquo;importance.\n                    <\/p>\n                    <h4>D\u00e9couvrez-vous<\/h4>\n                    <p>\n                        Le b\u00e9n\u00e9volat vous donne l\u2019occasion d\u2019explorer qui vous \u00eates et de d\u00e9couvrir de nouveaux int\u00e9r\u00eats, passe-temps et comp\u00e9tences. Il existe de nombreuses voies diff\u00e9rentes de b\u00e9n\u00e9volat, vous permettant de vous immerger pleinement dans une vari\u00e9t\u00e9 de domaines tels que la m\u00e9decine, la technologie ou les affaires.\n                    <\/p>\n                    <h4>Faites la diff\u00e9rence<\/h4>\n                    <p>\n                        Le b\u00e9n\u00e9volat peut avoir un effet positif sur vous et sur le monde qui vous entoure. Selon Statistique Canada, les b\u00e9n\u00e9voles ont ajout\u00e9 2 milliards d&rsquo;heures \u00e0 l&rsquo;effort de travail du Canada en 2017, ajoutant une valeur de 55,9 milliards de dollars au PIB. Plus de 40 % des 70\u00a0000 organismes de bienfaisance enregistr\u00e9s au Canada d\u00e9pendent exclusivement de b\u00e9n\u00e9voles pour fonctionner. Les b\u00e9n\u00e9voles sont \u00e9galement plus susceptibles d&rsquo;\u00eatre donateurs\u00a0: 91\u00a0% des b\u00e9n\u00e9voles font des dons de bienfaisance, contre 73\u00a0% des non-b\u00e9n\u00e9voles (ENDBP, 2000). Les b\u00e9n\u00e9voles ont contribu\u00e9 \u00e0 la cr\u00e9ation des premiers h\u00f4pitaux, orphelinats et organismes de bienfaisance au Canada, contribuant ainsi \u00e0 la culture canadienne du don.\n                    <\/p>\n                <\/div>\n                <div class=\"col-lg-5 col-md-5 col-sm-6 col-xs-12\">\n                    <div class=\"volunteer-img\"> <img decoding=\"async\" src=\"\/wp-content\/uploads\/2023\/08\/volunteer-img1.png\"> <\/div><br><br>\n                <\/div>\n\n               <div class=\"col-lg-5 col-md-5 col-sm-6 col-xs-12\">\n                    <div class=\"volunteer-img\"> <img decoding=\"async\" src=\"\/wp-content\/uploads\/2023\/08\/volunteer-img2.png\"> <\/div>\n                <\/div>\n\n                <div class=\"col-lg-7 col-md-7 col-sm-12 col-xs-12\">\n                    <h4>Apprenez \u00e0 conna\u00eetre votre communaut\u00e9<\/h4>\n                    <p>\n                        Le b\u00e9n\u00e9volat vous connecte aux autres, aux organisations et \u00e0 l&rsquo;environnement, ce qui renforce votre sentiment d&rsquo;appartenance. Les immigrants b\u00e9n\u00e9voles consid\u00e8rent que c&rsquo;est un excellent moyen de s&rsquo;int\u00e9grer \u00e0 la communaut\u00e9. Des recherches sugg\u00e8rent que le b\u00e9n\u00e9volat contribue au \u00ab capital social \u00bb, renfor\u00e7ant la confiance sociale, la r\u00e9ciprocit\u00e9 et le sentiment d&rsquo;appartenance \u00e0 la communaut\u00e9 (Wu, 2011). Le b\u00e9n\u00e9volat permet de nouer des liens significatifs avec de nouvelles personnes, de d\u00e9velopper votre r\u00e9seau et de renforcer vos relations, vous permettant ainsi de nouer des amiti\u00e9s.\n                    <\/p>\n                    <h4>Am\u00e9liorez votre bien-\u00eatre mental et physique<\/h4>\n                    <p>\n                        Le b\u00e9n\u00e9volat peut avoir un effet positif sur votre sant\u00e9 mentale et physique et contribuer \u00e0 r\u00e9duire le stress. L&rsquo;Association canadienne pour la sant\u00e9 mentale affirme qu&rsquo;une personne sur cinq souffrira d&rsquo;un probl\u00e8me de sant\u00e9 mentale au cours de sa vie, et le Canada affiche l&rsquo;un des taux de suicide les plus \u00e9lev\u00e9s au monde chez les enfants et les jeunes de moins de 21 ans. Une \u00e9tude de Stanford a d\u00e9montr\u00e9 que le b\u00e9n\u00e9volat am\u00e9liore la sant\u00e9 mentale, r\u00e9duit le taux de mortalit\u00e9 et accro\u00eet la satisfaction globale dans la vie. (Ajouter une infographie sur la sant\u00e9 mentale).\n                    <\/p>\n                    <h4>Sentez-vous bien et amusez-vous<\/h4>\n                    <p>\n                        Offrir son temps et ses talents pour aider les autres procure un sentiment d&rsquo;accomplissement et renforce l&rsquo;estime de soi. En donnant le meilleur de soi-m\u00eame, cela peut \u00eatre une exp\u00e9rience enrichissante.\n                    <\/p>\n                    <div class=\"registerTxt\">\n                        <a href=\"\/register\" class=\"register-btn\" id=\"applybtn\">Register<\/a>\n                    <\/div>\n                <\/div>\n            <\/div>\n        <\/div>\n    <\/section><\/div>\n","protected":false},"excerpt":{"rendered":"","protected":false},"author":1,"featured_media":0,"parent":0,"menu_order":0,"comment_status":"closed","ping_status":"closed","template":"","meta":{"footnotes":""},"class_list":["post-2129","page","type-page","status-publish","hentry"],"_links":{"self":[{"href":"https:\/\/demo.givelife365.com\/fr\/wp-json\/wp\/v2\/pages\/2129","targetHints":{"allow":["GET"]}}],"collection":[{"href":"https:\/\/demo.givelife365.com\/fr\/wp-json\/wp\/v2\/pages"}],"about":[{"href":"https:\/\/demo.givelife365.com\/fr\/wp-json\/wp\/v2\/types\/page"}],"author":[{"embeddable":true,"href":"https:\/\/demo.givelife365.com\/fr\/wp-json\/wp\/v2\/users\/1"}],"replies":[{"embeddable":true,"href":"https:\/\/demo.givelife365.com\/fr\/wp-json\/wp\/v2\/comments?post=2129"}],"version-history":[{"count":9,"href":"https:\/\/demo.givelife365.com\/fr\/wp-json\/wp\/v2\/pages\/2129\/revisions"}],"predecessor-version":[{"id":3600,"href":"https:\/\/demo.givelife365.com\/fr\/wp-json\/wp\/v2\/pages\/2129\/revisions\/3600"}],"wp:attachment":[{"href":"https:\/\/demo.givelife365.com\/fr\/wp-json\/wp\/v2\/media?parent=2129"}],"curies":[{"name":"wp","href":"https:\/\/api.w.org\/{rel}","templated":true}]}}