
{"id":1754,"date":"2023-08-16T12:36:03","date_gmt":"2023-08-16T16:36:03","guid":{"rendered":"https:\/\/wpcrm1.givelife365.com\/?page_id=1754"},"modified":"2026-02-20T09:54:57","modified_gmt":"2026-02-20T14:54:57","slug":"eventhome","status":"publish","type":"page","link":"https:\/\/demo.givelife365.com\/fr\/eventhome\/","title":{"rendered":"eventhome"},"content":{"rendered":"\n<p><\/p>\n\n\n\n<div class=\"wp-block-icds-gutenberg-monaco-block\"> \n \n<div class=\"innerheading\">\n    <div class=\"navinner\">\n        <div class=\"container\">\n        <div class=\"nav-sub\">\n              \n              <a class=\"btn-signout\" href=\"\/b2c-login\">Se connecter<\/a>\n            \n        <\/div>\n        <\/div>\n    <\/div>\n<\/div>\n\n<section class=\"eventcontent\">\n    <div class=\"container\">\n      <div class=\"form-wrapper\">\n        <div class=\"row\"> \n         <div class=\"col-lg-3 col-md-12\">\n            <div class=\"filter-card card-content\">\n              <h3>Filter<\/h3>\n\t\t\t  <div class=\"row\"> \n\t\t\t   <div class=\"col-lg-12 col-md-6\">\n              <div class=\"form-group\">\n                <label>Cat\u00e9gorie d&rsquo;\u00e9v\u00e9nement<\/label>\n                <select class=\"form-control\" id=\"eventCategory\">\n                    <option value=''>Veuillez s\u00e9lectionner<\/option>\n                                    <\/select>\n              <\/div>\n\t\t\t  <\/div>\n\t\t\t   <div class=\"col-lg-12 col-md-6\"> \n              <div class=\"form-group mt-2\">\n                  <label class=\"radiobtn\">Payant\n                      <input type=\"radio\" value=\"772350001\" name=\"Pricefree\"\n                            >\n                      <span class=\"checkmark\"><\/span>\n                  <\/label>\n\n                  <label class=\"radiobtn\">Gratuit\n                      <input type=\"radio\" value=\"772350000\" name=\"Pricefree\"\n                            >\n                      <span class=\"checkmark\"><\/span>\n                  <\/label>\n              <\/div>\n\t\t\t  <\/div>\n\t\t\t   <div class=\"col-lg-12 col-md-6\">\n\t\t\t   \n              <div class=\"form-group\">\n                <label>Date de l&rsquo;\u00e9v\u00e9nement (JJ\/MM\/AAAA)<\/label>\n                              <input type=\"text\" id=\"eventDate\" class=\"form-control\" placeholder=\"Entrez la date de l'\u00e9v\u00e9nement\" value=\"\" pattern=\"\\d{2}\/\\d{2}\/\\d{4}\" title=\"Entrez la date de l'\u00e9v\u00e9nement\" required>\n\n\n\n                <div class=\"calendarIcon\"><img decoding=\"async\" src=\"\/wp-content\/themes\/alphavima\/icons\/calendar.svg\"> <\/div>\n              <\/div>\n\t\t\t  <\/div>\n\t\t\t   <div class=\"col-lg-12 col-md-6\">\n              <div class=\"search-btn\">\n                <a href=\"#\" onclick=\"performSearch()\" class=\"button searchEvent\">Recherche<\/a>\n                <a href=\"\/eventhome\" onclick=\"displayLoader()\" class=\"button1 resetbtn\">R\u00e9initialiser<\/a>\n              <\/div>\n\t\t\t  <\/div>\n\t\t\t   <\/div>\n             <\/div>\n          <\/div>\n\n          <div class=\"col-lg-9 col-md-12\">\n            <div class=\"row equal \">\n             \n                \n            <\/div>\n                              <div class=\"no-records\" id=\"norecords\">\n                  <img decoding=\"async\" src=\"\/wp-content\/themes\/alphavima\/icons\/no-records.svg\">\n                  <h4>No Records are Present<\/h4>\n              <\/div>\n                          \n          <\/div>\n        <\/div>\n      <\/div>\n    <\/div>\n  <\/section>\n   <script src=\"https:\/\/cdnjs.cloudflare.com\/ajax\/libs\/bootstrap-datepicker\/1.3.0\/js\/bootstrap-datepicker.js\"><\/script>\n  <link href=\"https:\/\/cdnjs.cloudflare.com\/ajax\/libs\/bootstrap-datepicker\/1.3.0\/css\/datepicker.css\" rel=\"stylesheet\"\n    type=\"text\/css\" \/>\n\n  <script type=\"text\/javascript\">\n    $(function () {\n      $(\"#eventDate\").datepicker({\n        autoclose: true,\n        format: 'mm\/dd\/yyyy',\n        todayHighlight: true\n      })\n    });\n$(\".calendarIcon\").click(function () {\n    $(\"#eventDate\").focus();\n  });\n  <\/script>\n  <script>\n  function displayLoader(){\n    $('#loader').removeClass('hidden')\n  }\n  function performSearch() {\n            $ = jQuery;\n            $('#loader').removeClass('hidden')\n            var eventCategory = document.getElementById(\"eventCategory\").value;\n            var priceFreeRadio = document.querySelector('input[name=\"Pricefree\"]:checked');\n            var priceFree = priceFreeRadio ? priceFreeRadio.value : \"\";\n            var eventDate = document.getElementById(\"eventDate\").value;\n\n            var baseUrl = \"\/eventhome?\";\n            var queryParams = [];\n\n            if (eventCategory !== \"\") {\n                queryParams.push(\"eventcategories=\" + encodeURIComponent(eventCategory));\n            }\n\n            if (priceFree !== \"\") {\n                queryParams.push(\"paidevent=\" + encodeURIComponent(priceFree));\n            }\n            if (eventDate !== \"\") {\n                queryParams.push(\"eventdate=\" + encodeURIComponent(eventDate));\n            }\n            var finalUrl = baseUrl + queryParams.join(\"&\");\n            window.location.href = finalUrl;\n        }\n        displayLoader();\n        $(document).ready(function() {\n            $('#loader').addClass('hidden')\n      });\n  <\/script><\/div>\n","protected":false},"excerpt":{"rendered":"","protected":false},"author":1,"featured_media":0,"parent":0,"menu_order":0,"comment_status":"closed","ping_status":"closed","template":"","meta":{"footnotes":""},"class_list":["post-1754","page","type-page","status-publish","hentry"],"_links":{"self":[{"href":"https:\/\/demo.givelife365.com\/fr\/wp-json\/wp\/v2\/pages\/1754","targetHints":{"allow":["GET"]}}],"collection":[{"href":"https:\/\/demo.givelife365.com\/fr\/wp-json\/wp\/v2\/pages"}],"about":[{"href":"https:\/\/demo.givelife365.com\/fr\/wp-json\/wp\/v2\/types\/page"}],"author":[{"embeddable":true,"href":"https:\/\/demo.givelife365.com\/fr\/wp-json\/wp\/v2\/users\/1"}],"replies":[{"embeddable":true,"href":"https:\/\/demo.givelife365.com\/fr\/wp-json\/wp\/v2\/comments?post=1754"}],"version-history":[{"count":114,"href":"https:\/\/demo.givelife365.com\/fr\/wp-json\/wp\/v2\/pages\/1754\/revisions"}],"predecessor-version":[{"id":3728,"href":"https:\/\/demo.givelife365.com\/fr\/wp-json\/wp\/v2\/pages\/1754\/revisions\/3728"}],"wp:attachment":[{"href":"https:\/\/demo.givelife365.com\/fr\/wp-json\/wp\/v2\/media?parent=1754"}],"curies":[{"name":"wp","href":"https:\/\/api.w.org\/{rel}","templated":true}]}}