
{"id":3032,"date":"2023-10-05T08:00:17","date_gmt":"2023-10-05T12:00:17","guid":{"rendered":"https:\/\/wpcrm1.givelife365.com\/?page_id=3032"},"modified":"2025-10-24T08:02:38","modified_gmt":"2025-10-24T12:02:38","slug":"learning-centre","status":"publish","type":"page","link":"https:\/\/demo.givelife365.com\/es\/learning-centre\/","title":{"rendered":"learning-centre"},"content":{"rendered":"\n<div class=\"wp-block-icds-gutenberg-monaco-block\"> <section class=\"page-heading\">\n        <div class=\"container\">\n            <h1>Centro de Aprendizaje<\/h1>\n        <\/div>\n <\/section> \n    <section class=\"content\">\n        <div class=\"container\"> \n            <div class=\"row\">\n                <div class=\"col-xl-6 col-lg-6 col-md-6 col-sm-6 col-12 \">\n                    <div class=\"work-content\">\n                        <img decoding=\"async\" src=\"\/wp-content\/uploads\/2023\/10\/work-img4.png\">\n                        <div class=\"work-txt\">\n                            <h4>Talleres<\/h4>\n                            <p>Aprender en un entorno presencial te da la oportunidad de compartir ideas con otros, crear contactos y hacer preguntas directamente al facilitador. Nuestros talleres reciben constantemente una gran valoraci\u00f3n por parte de los participantes.<\/p>\n                        <\/div>\n                    <\/div>\n                <\/div> \n                <div class=\"col-xl-6 col-lg-6 col-md-6 col-sm-6 col-12 \">\n                    <div class=\"work-content\">\n                        <img decoding=\"async\" src=\"\/wp-content\/uploads\/2023\/10\/work-img3.png\">\n                        <div class=\"work-txt\">\n                            <h4>Aprendizaje en L\u00ednea<\/h4>\n                            <p>\n                               Si Prefieres aprender desde casa o desde tu oficina, a tu propio ritmo, nuestros m\u00f3dulos de eLearning son la opci\u00f3n perfecta para ti. \u00a1Inscr\u00edbete en alguno de los cursos fascinantes que ofrecemos en l\u00ednea!\n                            <\/p>\n                        <\/div>\n                    <\/div>\n                <\/div> \n                <div class=\"col-xl-6 col-lg-6 col-md-6 col-sm-6 col-12 \">\n                    <div class=\"work-content\">\n                        <img decoding=\"async\" src=\"\/wp-content\/uploads\/2023\/10\/work-img2.png\">\n                        <div class=\"work-txt\">\n                            <h4>La Red<\/h4>\n                            <p>Si coordinas voluntarios en una organizaci\u00f3n sin fines de lucro, \u00fanete a la Red de L\u00edderes de Voluntariado en Peel y aprende de la experiencia de otros profesionales del sector.<\/p>\n                        <\/div>\n                    <\/div>\n                <\/div> \n                <div class=\"col-xl-6 col-lg-6 col-md-6 col-sm-6 col-12 \">\n                    <div class=\"work-content\">\n                        <img decoding=\"async\" src=\"\/wp-content\/uploads\/2023\/10\/work-img1.png\">\n                        <div class=\"work-txt\">\n                            <h4>Recursos<\/h4>\n                            <p>Accede a cientos de recursos y publicaciones destacadas sobre liderazgo y voluntariado en nuestro sistema de gesti\u00f3n de aprendizaje en l\u00ednea, Vetch.<\/p>\n                        <\/div>\n                    <\/div>\n                <\/div> \n            <\/div> \n        <\/div>\n    <\/section>\n<\/div>\n","protected":false},"excerpt":{"rendered":"","protected":false},"author":1,"featured_media":0,"parent":0,"menu_order":0,"comment_status":"closed","ping_status":"closed","template":"","meta":{"footnotes":""},"class_list":["post-3032","page","type-page","status-publish","hentry"],"_links":{"self":[{"href":"https:\/\/demo.givelife365.com\/es\/wp-json\/wp\/v2\/pages\/3032","targetHints":{"allow":["GET"]}}],"collection":[{"href":"https:\/\/demo.givelife365.com\/es\/wp-json\/wp\/v2\/pages"}],"about":[{"href":"https:\/\/demo.givelife365.com\/es\/wp-json\/wp\/v2\/types\/page"}],"author":[{"embeddable":true,"href":"https:\/\/demo.givelife365.com\/es\/wp-json\/wp\/v2\/users\/1"}],"replies":[{"embeddable":true,"href":"https:\/\/demo.givelife365.com\/es\/wp-json\/wp\/v2\/comments?post=3032"}],"version-history":[{"count":3,"href":"https:\/\/demo.givelife365.com\/es\/wp-json\/wp\/v2\/pages\/3032\/revisions"}],"predecessor-version":[{"id":3581,"href":"https:\/\/demo.givelife365.com\/es\/wp-json\/wp\/v2\/pages\/3032\/revisions\/3581"}],"wp:attachment":[{"href":"https:\/\/demo.givelife365.com\/es\/wp-json\/wp\/v2\/media?parent=3032"}],"curies":[{"name":"wp","href":"https:\/\/api.w.org\/{rel}","templated":true}]}}