
{"id":3011,"date":"2023-10-05T07:00:08","date_gmt":"2023-10-05T11:00:08","guid":{"rendered":"https:\/\/wpcrm1.givelife365.com\/?page_id=3011"},"modified":"2025-10-24T07:38:12","modified_gmt":"2025-10-24T11:38:12","slug":"our-work","status":"publish","type":"page","link":"https:\/\/demo.givelife365.com\/es\/our-work\/","title":{"rendered":"our-work"},"content":{"rendered":"\n<div class=\"wp-block-icds-gutenberg-monaco-block\"> <section class=\"page-heading\">\n        <div class=\"container\">\n            <h1>Nuestro Trabajo<\/h1>\n        <\/div>\n    <\/section>\n <section class=\"content\">\n        <div class=\"container\">\n            <div class=\"row\">\n                <div class=\"col-xl-6 col-lg-6 col-md-6 col-sm-6 col-12 \">\n                    <div class=\"work-content\">\n                        <img decoding=\"async\" src=\"\/wp-content\/uploads\/2023\/10\/work-img4.png\">\n                        <div class=\"work-txt\">\n                            <h4>Alcance Comunitario<\/h4>\n                            <p>Ya sea que necesites cumplir con tus horas de voluntariado para la escuela o simplemente quieras vivir m\u00e1s de cerca lo que significa involucrarse en la comunidad, hay muchas razones para ser voluntario. Nosotros te ayudamos a encontrar la mejor manera de participar y a descubrir la importancia de hacer parte activa del cambio.<\/p>\n                        <\/div>\n                    <\/div>\n                <\/div>\n                <div class=\"col-xl-6 col-lg-6 col-md-6 col-sm-6 col-12 \">\n                    <div class=\"work-content\">\n                        <img decoding=\"async\" src=\"\/wp-content\/uploads\/2023\/10\/work-img3.png\">\n                        <div class=\"work-txt\">\n                            <h4>Servicios de Referencia<\/h4>\n                            <p>Nuestro programa de Alcance nutre un s\u00f3lido servicio de Referencias, a trav\u00e9s del cual conectamos a miles de voluntarios con organizaciones de servicio comunitario. Combinamos asesor\u00edas personalizadas 1 a 1 con una base de datos en l\u00ednea para lograr coincidencias significativas.<\/p>\n                        <\/div>\n                    <\/div>\n                <\/div>\n                <div class=\"col-xl-6 col-lg-6 col-md-6 col-sm-6 col-12 \">\n                    <div class=\"work-content\">\n                        <img decoding=\"async\" src=\"\/wp-content\/uploads\/2023\/10\/work-img2.png\">\n                        <div class=\"work-txt\">\n                            <h4>Programas Comunitarios<\/h4>\n                            <p>Creamos programas que inspiran a distintos p\u00fablicos a involucrarse en un voluntariado con prop\u00f3sito, eliminando barreras, facilitando el acceso, generando conciencia, ofreciendo formaci\u00f3n y reconociendo la excelencia. J\u00f3venes, adultos mayores y reci\u00e9n llegados son nuestros principales participantes, \u00a1pero todos son bienvenidos!<\/p>\n                        <\/div>\n                    <\/div>\n                <\/div>\n                <div class=\"col-xl-6 col-lg-6 col-md-6 col-sm-6 col-12 \">\n                    <div class=\"work-content\">\n                        <img decoding=\"async\" src=\"\/wp-content\/uploads\/2023\/10\/work-img1.png\">\n                        <div class=\"work-txt\">\n                            <h4>Centro de Aprendizaje<\/h4>\n                            <p>A trav\u00e9s de nuestra plataforma de aprendizaje en l\u00ednea y de talleres presenciales, ofrecemos a directivos, l\u00edderes de voluntarios y voluntarios las herramientas necesarias para enriquecer la experiencia de voluntariado, participar m\u00e1s activamente y optimizar los recursos en el sector.<\/p>\n                        <\/div>\n                    <\/div>\n                <\/div>\n            <\/div>\n        <\/div>\n    <\/section>    \n\n<\/div>\n","protected":false},"excerpt":{"rendered":"","protected":false},"author":1,"featured_media":0,"parent":0,"menu_order":0,"comment_status":"closed","ping_status":"closed","template":"","meta":{"footnotes":""},"class_list":["post-3011","page","type-page","status-publish","hentry"],"_links":{"self":[{"href":"https:\/\/demo.givelife365.com\/es\/wp-json\/wp\/v2\/pages\/3011","targetHints":{"allow":["GET"]}}],"collection":[{"href":"https:\/\/demo.givelife365.com\/es\/wp-json\/wp\/v2\/pages"}],"about":[{"href":"https:\/\/demo.givelife365.com\/es\/wp-json\/wp\/v2\/types\/page"}],"author":[{"embeddable":true,"href":"https:\/\/demo.givelife365.com\/es\/wp-json\/wp\/v2\/users\/1"}],"replies":[{"embeddable":true,"href":"https:\/\/demo.givelife365.com\/es\/wp-json\/wp\/v2\/comments?post=3011"}],"version-history":[{"count":4,"href":"https:\/\/demo.givelife365.com\/es\/wp-json\/wp\/v2\/pages\/3011\/revisions"}],"predecessor-version":[{"id":3579,"href":"https:\/\/demo.givelife365.com\/es\/wp-json\/wp\/v2\/pages\/3011\/revisions\/3579"}],"wp:attachment":[{"href":"https:\/\/demo.givelife365.com\/es\/wp-json\/wp\/v2\/media?parent=3011"}],"curies":[{"name":"wp","href":"https:\/\/api.w.org\/{rel}","templated":true}]}}