
{"id":3000,"date":"2023-10-04T11:13:01","date_gmt":"2023-10-04T15:13:01","guid":{"rendered":"https:\/\/wpcrm1.givelife365.com\/?page_id=3000"},"modified":"2025-10-27T07:23:15","modified_gmt":"2025-10-27T11:23:15","slug":"home2","status":"publish","type":"page","link":"https:\/\/demo.givelife365.com\/es\/","title":{"rendered":"Home2"},"content":{"rendered":"\n<div class=\"wp-block-icds-gutenberg-monaco-block\"> <style>\n  .hide{display:none;}\n  <\/style>\n<section id=\"hero\" class=\"d-flex align-items-center\">\n   <div class=\"container\">\n      <h1 class=\"wow fadeInUp\" data-wow-delay=\"0.2s\">Gestione su organizaci\u00f3n<\/h1>\n      <h2 class=\"wow fadeInUp\" data-wow-delay=\"0.6s\">Todo en un solo lugar<\/h2>\n      <h5 class=\"wow fadeInUp\" data-wow-delay=\"1s\">Encuentre el puesto de voluntariado que sea su verdadera vocaci\u00f3n. Con\u00e9ctese con voluntarios que enriquecer\u00e1n su organizaci\u00f3n. <\/span><\/h5>\n   <\/div>\n<\/section>\n<section>\n   <div class=\"container\">\n      <div class=\"row\">\n         <div class=\"col-xl-7 col-lg-7 col-md-7 col-sm-12 col-12 \">\n            <div class=\"whoweare \">\n               <h4 class=\" wow fadeInUp\" data-wow-delay=\"0.2s\">Quienes Somos<\/h4>\n               <p class=\" wow fadeInUp\" data-wow-delay=\"0.2s\">GiveLife es una soluci\u00f3n basada en la nube dirigida a organizaciones sin fines de lucro, que proporciona herramientas para ayudarlas a operar de manera m\u00e1s eficiente y lograr un mayor impacto. GiveLife aprovecha la plataforma Microsoft Dynamics 365 y ofrece una interfaz moderna y f\u00e1cil de usar, para gestionar las relaciones con los donantes y la recaudaci\u00f3n de fondos, los voluntarios, las afiliaciones y las campa\u00f1as.Sus s\u00f3lidas funciones de generaci\u00f3n de informes y an\u00e1lisis, todo en un solo lugar, convierten a GiveLife en la plataforma ideal para transformar sus operaciones. <\/p>\n               <p class=\"wow fadeInUp\" data-wow-delay=\"0.4s\">El sistema de gesti\u00f3n de donantes de GiveLife ayuda a configurar los donantes, gestionar las relaciones con ellos y una amplia gama de actividades de desarrollo de fondos. El m\u00f3dulo de gesti\u00f3n de voluntarios de GiveLife le permite crear registros de voluntarios y oportunidades de voluntariado. Las personas interesadas pueden registrarse como voluntarios a trav\u00e9s del sitio web.<\/p>\n               <div class=\"search-btn wow fadeInUp\" data-wow-delay=\"0.6s\"><a class=\"register-btn\" href=\"https:\/\/givelife365.com\/\">Explorar mas<\/a><\/div>\n            <\/div>\n         <\/div>\n         <div class=\"col-xl-5 col-lg-5 col-md-5 col-sm-12 col-12 wow fadeInUp \" data-wow-delay=\"0.2s\">\n            <div class=\"whoweare-img \"><img decoding=\"async\" src=\"https:\/\/wpcrm1.givelife365.com\/wp-content\/uploads\/2023\/08\/WhoWeAre.png\"><\/div>\n         <\/div>\n      <\/div>\n   <\/div>\n<\/section>\n<section class=\"productContent homefeatures\">\n   <div class=\"container\">\n      <ul class=\"productSlider homefeatures1 \">\n         <li>\n            <div class=\"productTxt wow fadeInUp\" data-wow-delay=\"0.2s\">\n               <img decoding=\"async\" src=\"\/wp-content\/uploads\/2023\/06\/Donation.svg\" alt=\"\">               \n               <h5>Donaciones<\/h5>\n               <p>Gestiona las relaciones con tus donantes, crea p\u00e1ginas de donaci\u00f3n para incrementar los aportes y organiza una amplia variedad de actividades de recaudaci\u00f3n de fondos.<\/p>\n               <p class=\"mt-2\"><a href=\"\/intdmdonationpageone\"> <strong>Conoce M\u00e1s <\/strong> <\/a><\/p>\n            <\/div>\n         <\/li>\n         <li>\n            <div class=\"productTxt wow fadeInUp\" data-wow-delay=\"0.4s\">\n               <img decoding=\"async\" src=\"\/wp-content\/uploads\/2023\/06\/Volunteer.svg\" alt=\"\">               \n               <h5>Voluntariado<\/h5>\n               <p>Gestionar el reclutamiento de voluntarios y la combinacion de habilidades, crear nuevas oportunidades de voluntariado, registrar la programacion y los informes de los voluntarios.<\/p>\n               <p class=\"mt-2\"><a href=\"\/intvmwhyvolunteer\"> <strong>Conoce M\u00e1s <\/strong> <\/a><\/p>\n            <\/div>\n         <\/li>\n         <li>\n            <div class=\"productTxt wow fadeInUp\" data-wow-delay=\".6s\">\n               <img decoding=\"async\" src=\"\/wp-content\/uploads\/2023\/06\/Membership.svg\" alt=\"\">               \n               <h5>Afiliacion<\/h5>\n               <p>Realice un seguimiento y aumente las membresias, mediante la creacion de bases de datos, pagos de suscripciones, renovaciones y registros de eventos.<\/p>\n               <p class=\"mt-2\"><a href=\"\/intmmchooseplan\"> <strong>Conoce M\u00e1s <\/strong> <\/a><\/p>\n            <\/div>\n         <\/li>\n         <li>\n            <div class=\"productTxt wow fadeInUp\" data-wow-delay=\".8s\">\n               <img decoding=\"async\" src=\"\/wp-content\/uploads\/2023\/06\/Grants.svg\" alt=\"\">               \n               <h5>Subvenciones<\/h5>\n               <p>Supervisa todo el ciclo de gesti\u00f3n de tus subvenciones, con flujos de trabajo basados en tareas para seguir el estado de las solicitudes, revisiones, aprobaciones e hitos.<\/p>\n               <p class=\"mt-2\"><a href=\"\/intgmpublishedgrants\"> <strong>Conoce M\u00e1s <\/strong> <\/a><\/p>\n            <\/div>\n         <\/li>\n         <li>\n            <div class=\"productTxt wow fadeInUp\" data-wow-delay=\".6s\">\n               <img decoding=\"async\" src=\"\/wp-content\/uploads\/2023\/06\/Sponsorship.svg\" alt=\"\">               \n               <h5>Patrocinios<\/h5>\n               <p>Supervisa todo el ciclo de gesti\u00f3n de tus subvenciones, con flujos de trabajo basados en tareas para dar seguimiento al estado de las solicitudes, revisiones, aprobaciones e hitos.<\/p>\n               <p class=\"mt-2\"><a href=\"\/intspactivesponsorship\"> <strong>Conoce M\u00e1s <\/strong> <\/a><\/p>\n            <\/div>\n         <\/li>\n      <\/ul>\n   <\/div>\n<\/section>\n<section class=\"content\">\n   <div class=\"container\">\n      <div class=\"impact-content\">\n         <div class=\"row\">\n            <div class=\"col-xl-12 wow fadeInUp\" data-wow-delay=\".0s\">\n               <h3>Tu impacto<\/h3>\n            <\/div>\n            <div class=\"col-xl-4 col-lg-4 col-md-6 col-sm-6 col-12 \">\n               <div class=\"programs-txt wow fadeInUp\" data-wow-delay=\".2s\">\n                  <img decoding=\"async\" src=\"https:\/\/wpcrm1.givelife365.com\/wp-content\/uploads\/2023\/08\/Impact-img1.png\">                  \n                  <h4>Apoyo para la COVID-19<\/h4>\n\t\t\t\t  <p>Las sociedades de ayuda a la infancia contin\u00faan operando y brindando servicios a ni\u00f1os, j\u00f3venes y familias. Las sociedades est\u00e1n siendo   \n\t\t\t\t<span class=\"more-text hide\">Se anima a usar la tecnolog\u00eda siempre que sea posible y apropiado, a la vez que se observan las recomendaciones locales de salud p\u00fablica. Durante el brote de COVID-19, los j\u00f3venes tutelados que cumplan 18 a\u00f1os y los extutelados que cumplan 21 no perder\u00e1n la edad m\u00ednima para recibir los apoyos y servicios que reciben actualmente a trav\u00e9s de las Sociedades de Ayuda a la Infancia.<\/span>\n\t\t\t\t <a data-show=\"more\" more-collapse=\"false\" href=\"\/\" class=\"showmore\">Leer m\u00e1s<\/a><\/p> \n                   <div class=\"programs-foot\"><a id=\"donate\" class=\"register-btn\" href=\"\/donate\">Donar<\/a><\/div>\n               <\/div>\n            <\/div>\n            <div class=\"col-xl-4 col-lg-4 col-md-6 col-sm-6 col-12 \">\n               <div class=\"programs-txt wow fadeInUp\" data-wow-delay=\".4s\">\n                  <img decoding=\"async\" src=\"https:\/\/wpcrm1.givelife365.com\/wp-content\/uploads\/2023\/08\/Impact-img2.png\">                  \n                  <h4>Soporte general<\/h4>\n\t\t\t\t   <p>Un programa gratuito para apoyar la salud mental de quienes trabajan en centros de salud de Ontario. Este programa incluye   \n\t\t\t\t<span class=\"more-text hide\"> Talleres presenciales y m\u00f3dulos autodirigidos impartidos por capacitadores que brindan a organizaciones, equipos y empleados las herramientas para fomentar la salud mental en el trabajo. La capacitaci\u00f3n estar\u00e1 disponible para profesionales de la salud, l\u00edderes y personal de apoyo. <\/span>\n\t\t\t\t <a data-show=\"more\" more-collapse=\"false\" href=\"\/\" class=\"showmore\">Leer m\u00e1s<\/a><\/p> \n                    <div class=\"programs-foot\"><a id=\"donate\" class=\"register-btn\" href=\"\/donate\">Donar<\/a><\/div>\n               <\/div>\n            <\/div>\n            <div class=\"col-xl-4 col-lg-4 col-md-6 col-sm-6 col-12 \">\n               <div class=\"programs-txt  wow fadeInUp\" data-wow-delay=\".6s\">\n                  <img decoding=\"async\" src=\"https:\/\/wpcrm1.givelife365.com\/wp-content\/uploads\/2023\/08\/Impact-img3.png\"> \n                  <h4>Apoyo a la educaci\u00f3n<\/h4>\n\t\t\t\t    <p>Una de las principales formas en que las donaciones ayudan a apoyar la educaci\u00f3n es brindando asistencia financiera a los estudiantes que  \n\t\t\t\t<span class=\"more-text hide\">Es posible que no puedan cubrir el costo total de su educaci\u00f3n. Esto puede incluir becas, ayudas econ\u00f3micas y otras formas de ayuda financiera. Las donaciones tambi\u00e9n pueden ayudar a financiar instalaciones y recursos educativos, como libros de biblioteca o equipo de laboratorio. En algunos casos, los donantes tambi\u00e9n pueden optar por apoyar iniciativas o programas educativos espec\u00edficos. Todas estas formas de apoyo son vitales para garantizar que todos los estudiantes tengan la oportunidad de acceder a una educaci\u00f3n de calidad.<\/span>\n\t\t\t\t <a data-show=\"more\" more-collapse=\"false\" href=\"\/\" class=\"showmore\">Leer m\u00e1s<\/a><\/p>\n                 <div class=\"programs-foot\"><a id=\"donate\" class=\"register-btn\" href=\"\/donate\">Donar<\/a><\/div>\n               <\/div>\n            <\/div>\n         <\/div>\n      <\/div>\n   <\/div>\n<\/section>\n \n<script type=\"text\/javascript\">\n\nfunction getCookie(name) {\n  \/\/ Split cookie string into an array of individual cookie name=value pairs\n  const cookieArr = document.cookie.split(';');\n\n  \/\/ Loop through the array elements\n  for (let i = 0; i < cookieArr.length; i++) {\n    let cookiePair = cookieArr[i].split('=');\n\n    \/\/ Remove whitespace at the beginning of the cookie name and compare it with the given name\n    if (name === cookiePair[0].trim()) {\n      \/\/ Decode the cookie value and return it\n      return decodeURIComponent(cookiePair[1]);\n    }\n  }\n\n  \/\/ Return null if the cookie is not found\n  return null;\n}\n\n$('[data-show=\"more\"]').on('click', function(event) {\n   event.preventDefault();\n\n   var lang_cookie = getCookie('lang');\n\n   \/\/ console.log('lang_cookie =>' + lang_cookie);\n\n   if ( $(this).attr('more-collapse') === 'false' ) {\n      $(this).attr('more-collapse', 'true'); \n      $(this).prev('.more-text').removeClass('hide');\n      $(this).text('Leer menos');\n   } else {\n      $(this).text('Leer m\u00e1s');\n      $(this).attr('more-collapse', 'false'); \n      $(this).prev('.more-text').addClass('hide');\n   }  \n});    \n<\/script><\/div>\n","protected":false},"excerpt":{"rendered":"","protected":false},"author":1,"featured_media":0,"parent":0,"menu_order":0,"comment_status":"closed","ping_status":"closed","template":"","meta":{"footnotes":""},"class_list":["post-3000","page","type-page","status-publish","hentry"],"_links":{"self":[{"href":"https:\/\/demo.givelife365.com\/es\/wp-json\/wp\/v2\/pages\/3000","targetHints":{"allow":["GET"]}}],"collection":[{"href":"https:\/\/demo.givelife365.com\/es\/wp-json\/wp\/v2\/pages"}],"about":[{"href":"https:\/\/demo.givelife365.com\/es\/wp-json\/wp\/v2\/types\/page"}],"author":[{"embeddable":true,"href":"https:\/\/demo.givelife365.com\/es\/wp-json\/wp\/v2\/users\/1"}],"replies":[{"embeddable":true,"href":"https:\/\/demo.givelife365.com\/es\/wp-json\/wp\/v2\/comments?post=3000"}],"version-history":[{"count":15,"href":"https:\/\/demo.givelife365.com\/es\/wp-json\/wp\/v2\/pages\/3000\/revisions"}],"predecessor-version":[{"id":3586,"href":"https:\/\/demo.givelife365.com\/es\/wp-json\/wp\/v2\/pages\/3000\/revisions\/3586"}],"wp:attachment":[{"href":"https:\/\/demo.givelife365.com\/es\/wp-json\/wp\/v2\/media?parent=3000"}],"curies":[{"name":"wp","href":"https:\/\/api.w.org\/{rel}","templated":true}]}}