
{"id":2129,"date":"2023-08-21T14:44:51","date_gmt":"2023-08-21T18:44:51","guid":{"rendered":"https:\/\/wpcrm1.givelife365.com\/?page_id=2129"},"modified":"2025-10-28T03:46:26","modified_gmt":"2025-10-28T07:46:26","slug":"intvmwhyvolunteer","status":"publish","type":"page","link":"https:\/\/demo.givelife365.com\/es\/intvmwhyvolunteer\/","title":{"rendered":"intvmwhyvolunteer"},"content":{"rendered":"\n<div class=\"wp-block-icds-gutenberg-monaco-block\">\n<section class=\"page-heading\">\n        <div class=\"container\">\n            <h1>\u00bfPor Qu\u00e9 Ser Voluntario<\/h1>\n        <\/div>\n    <\/section>\n<section class=\"content-inner\">\n        <div class=\"container\">\n            <div class=\"row\">\n               <div class=\"col-lg-7 col-md-7 col-sm-12 col-xs-12\">\n                    <h4>\u00bfPor Qu\u00e9 Ser Voluntario?<\/h4>\n                    <p>Desde cumplir con tus horas de servicio comunitario en la escuela hasta querer vivir de cerca el valor de involucrarte en tu comunidad, hay much\u00edsimas razones para ser voluntario. \u00a1Nosotros te ayudamos a encontrar la mejor forma de comenzar y descubrir la importancia de participar!<\/p>\n\n                    <h4>Desc\u00fabrete a Ti Mismo<\/h4>\n                    <p>El voluntariado te da la oportunidad de explorar qui\u00e9n eres, descubrir nuevos intereses, hobbies y habilidades. Existen m\u00faltiples formas de participar: desde \u00e1reas como la medicina, la tecnolog\u00eda o los negocios, podr\u00e1s sumergirte en experiencias que te transformar\u00e1n.\n                    <\/p>\n                    <h4>Marca la Diferencia<\/h4>\n                    <p>Ser voluntario no solo te cambia a ti, tambi\u00e9n impacta positivamente al mundo que te rodea. Solo en 2017, los voluntarios en Canad\u00e1 sumaron 2 mil millones de horas de trabajo, aportando un valor de 55.9 mil millones de d\u00f3lares al PIB. M\u00e1s del 40% de las 70,000 organizaciones ben\u00e9ficas registradas en Canad\u00e1 dependen exclusivamente de voluntarios para funcionar. Adem\u00e1s, el 91% de los voluntarios hacen donaciones, frente al 73% de quienes no lo son. Gracias a los voluntarios se fundaron los primeros hospitales, orfanatos y agencias de bienestar en Canad\u00e1, sembrando una cultura de solidaridad que sigue viva hasta hoy.\n                    <\/p>\n                <\/div>\n                <div class=\"col-lg-5 col-md-5 col-sm-6 col-xs-12\">\n                    <div class=\"volunteer-img\"> <img decoding=\"async\" src=\"\/wp-content\/uploads\/2023\/08\/volunteer-img1.png\"> <\/div><br><br>\n                <\/div>\n\n               <div class=\"col-lg-5 col-md-5 col-sm-6 col-xs-12\">\n                    <div class=\"volunteer-img\"> <img decoding=\"async\" src=\"\/wp-content\/uploads\/2023\/08\/volunteer-img2.png\"> <\/div>\n                <\/div>\n\n                <div class=\"col-lg-7 col-md-7 col-sm-12 col-xs-12\">\n                    <h4>Con\u00e9ctate con tu Comunidad<\/h4>\n                    <p>El voluntariado te acerca a personas, organizaciones y entornos que fortalecen tu sentido de pertenencia. Para los inmigrantes, es una forma poderosa de integrarse en su nueva comunidad. Las investigaciones muestran que el voluntariado impulsa el \u201ccapital social\u201d, aumentando la confianza, la reciprocidad y el sentido de pertenencia (Wu, 2011). Hacer voluntariado significa crear conexiones significativas, ampliar tu red y construir amistades duraderas.<\/p>\n\n                    <h4>Mejora tu Bienestar Mental y F\u00edsico<\/h4>\n                    <p>Ayudar a los dem\u00e1s tambi\u00e9n te ayuda a ti. El voluntariado reduce el estr\u00e9s y tiene efectos positivos en tu salud mental y f\u00edsica. La Asociaci\u00f3n Canadiense de Salud Mental se\u00f1ala que 1 de cada 5 personas enfrentar\u00e1 un problema de salud mental en su vida, y Canad\u00e1 tiene una de las tasas m\u00e1s altas de suicidio juvenil del mundo. Un estudio de Stanford revel\u00f3 que ser voluntario mejora la salud mental, reduce la mortalidad y aumenta la satisfacci\u00f3n con la vida.\n                    <\/p>\n                    <h4>Si\u00e9ntete Bien y Divi\u00e9rtete<\/h4>\n                    <p>Dar tu tiempo y talento genera una sensaci\u00f3n de logro, eleva tu autoestima y puede convertirse en una experiencia realmente divertida. \u00a1Con esfuerzo y entusiasmo, el voluntariado se disfruta al m\u00e1ximo!<\/p>\n                    <div class=\"registerTxt\">\n                        \n                        <a href=\"\/register\" class=\"register-btn\" id=\"applybtn\">Register<\/a>\n                        \n                    <\/div>\n                <\/div>\n            <\/div>\n        <\/div>\n    <\/section><\/div>\n","protected":false},"excerpt":{"rendered":"","protected":false},"author":1,"featured_media":0,"parent":0,"menu_order":0,"comment_status":"closed","ping_status":"closed","template":"","meta":{"footnotes":""},"class_list":["post-2129","page","type-page","status-publish","hentry"],"_links":{"self":[{"href":"https:\/\/demo.givelife365.com\/es\/wp-json\/wp\/v2\/pages\/2129","targetHints":{"allow":["GET"]}}],"collection":[{"href":"https:\/\/demo.givelife365.com\/es\/wp-json\/wp\/v2\/pages"}],"about":[{"href":"https:\/\/demo.givelife365.com\/es\/wp-json\/wp\/v2\/types\/page"}],"author":[{"embeddable":true,"href":"https:\/\/demo.givelife365.com\/es\/wp-json\/wp\/v2\/users\/1"}],"replies":[{"embeddable":true,"href":"https:\/\/demo.givelife365.com\/es\/wp-json\/wp\/v2\/comments?post=2129"}],"version-history":[{"count":9,"href":"https:\/\/demo.givelife365.com\/es\/wp-json\/wp\/v2\/pages\/2129\/revisions"}],"predecessor-version":[{"id":3600,"href":"https:\/\/demo.givelife365.com\/es\/wp-json\/wp\/v2\/pages\/2129\/revisions\/3600"}],"wp:attachment":[{"href":"https:\/\/demo.givelife365.com\/es\/wp-json\/wp\/v2\/media?parent=2129"}],"curies":[{"name":"wp","href":"https:\/\/api.w.org\/{rel}","templated":true}]}}